{"id":2513,"date":"2016-03-09T06:45:35","date_gmt":"2016-03-09T06:45:35","guid":{"rendered":"https:\/\/demo2.chethemes.com\/electro\/?page_id=2513"},"modified":"2016-03-09T06:45:35","modified_gmt":"2016-03-09T06:45:35","slug":"contato","status":"publish","type":"page","link":"https:\/\/kartmania.com.br\/?page_id=2513","title":{"rendered":"Contato"},"content":{"rendered":"<p>[vc_row css=&#8221;.vc_custom_1457506356430{padding-top: 25px !important;}&#8221;][vc_column width=&#8221;1\/2&#8243;][vc_column_text css=&#8221;.vc_custom_1550679603992{margin-bottom: 60px !important;}&#8221;]<\/p>\n<h2 class=\"contact-page-title\">Atendimento por E-mail<\/h2>\n<p>Prezado cliente, nessa op\u00e7\u00e3o voc\u00ea poder\u00e1 preencher o formul\u00e1rio de contato. Ao enviar o formul\u00e1rio, o sistema direciona as informa\u00e7\u00f5es automaticamente para um dos nossos profissionais de atendimento que responder\u00e3o no e-mail informado. O preenchimento \u00e9 muito pr\u00e1tico e lhe responderemos rapidamente![\/vc_column_text]<p class=\"wpcf7-contact-form-not-found\"><strong>Erro:<\/strong> Formul\u00e1rio de contato n\u00e3o encontrado.<\/p>[\/vc_column][vc_column width=&#8221;1\/2&#8243; el_class=&#8221;store-info store-info-v2&#8243;][vc_gmaps link=&#8221;#E-8_JTNDaWZyYW1lJTIwc3JjJTNEJTIyaHR0cHMlM0ElMkYlMkZ3d3cuZ29vZ2xlLmNvbSUyRm1hcHMlMkZlbWJlZCUzRnBiJTNEJTIxMW0xOCUyMTFtMTIlMjExbTMlMjExZDI0ODEuNTkzMzAzOTQwMDM5JTIxMmQtMC4xNTQ3MDQ0NDg0Mzg1ODI4MyUyMTNkNTEuNTM5MDE4ODY2MTExNjQlMjEybTMlMjExZjAlMjEyZjAlMjEzZjAlMjEzbTIlMjExaTEwMjQlMjEyaTc2OCUyMTRmMTMuMSUyMTNtMyUyMTFtMiUyMTFzMHg0ODc2MWFlNjJlZGQ1NzcxJTI1M0EweDI3ZjJkODIzZTJiZTAyNDklMjEyc1ByaW5jZXNzJTJCUmQlMjUyQyUyQkxvbmRvbiUyQk5XMSUyQjhKUiUyNTJDJTJCVUslMjE1ZTAlMjEzbTIlMjExc2VuJTIxMnMlMjE0djE0NTg4Mjc5OTY0MzUlMjIlMjB3aWR0aCUzRCUyMjYwMCUyMiUyMGhlaWdodCUzRCUyMjQ1MCUyMiUyMHN0eWxlJTNEJTIyYm9yZGVyJTNBMCUyMiUyMGFsbG93ZnVsbHNjcmVlbiUzRSUzQyUyRmlmcmFtZSUzRQ==&#8221; size=&#8221;288px&#8221; el_class=&#8221;inner-left-xs&#8221; css=&#8221;.vc_custom_1459433783790{margin-bottom: 45px !important;}&#8221;][vc_column_text el_class=&#8221;inner-left-xs&#8221;]<\/p>\n<h2 class=\"contact-page-title\">Informa\u00e7\u00f5es de Contato<\/h2>\n<p>Centro, Cel. Fabriciano &#8211; MG<br \/>\nSuporte(31) 9 8884 6279<br \/>\nEmail: <a href=\"mailto:contact@yourstore.com\">info@electro.com<\/a><\/p>\n<h3>Hor\u00e1rio de Funcionamento<\/h3>\n<p>Segunda a sexta, das 08 \u00e0s 20h<br \/>\nS\u00e1bados das 08 \u00e0s 18h.<\/p>\n<h3>Trabalhe Conosco<\/h3>\n<p>Se voc\u00ea est\u00e1 interessado em oportunidades de emprego na Loja, por favor envie-nos um email: <a href=\"mailto:contato@yourstore.com\">contato@lojavirtual.com<\/a>[\/vc_column_text][\/vc_column][\/vc_row]<\/p>\n","protected":false},"excerpt":{"rendered":"<p>[vc_row css=&#8221;.vc_custom_1457506356430{padding-top: 25px !important;}&#8221;][vc_column width=&#8221;1\/2&#8243;][vc_column_text css=&#8221;.vc_custom_1550679603992{margin-bottom: 60px !important;}&#8221;] Atendimento por E-mail Prezado cliente, nessa op\u00e7\u00e3o voc\u00ea poder\u00e1 preencher o formul\u00e1rio de contato. Ao enviar o formul\u00e1rio, o sistema direciona as<\/p>\n","protected":false},"author":1,"featured_media":0,"parent":0,"menu_order":0,"comment_status":"closed","ping_status":"closed","template":"","meta":[],"yoast_head":"<!-- This site is optimized with the Yoast SEO plugin v21.1 - https:\/\/yoast.com\/wordpress\/plugins\/seo\/ -->\n<title>Contato - Kartmania<\/title>\n<meta name=\"robots\" content=\"index, follow, max-snippet:-1, max-image-preview:large, max-video-preview:-1\" \/>\n<link rel=\"canonical\" href=\"https:\/\/kartmania.com.br\/?page_id=2513\" \/>\n<meta property=\"og:locale\" content=\"pt_BR\" \/>\n<meta property=\"og:type\" content=\"article\" \/>\n<meta property=\"og:title\" content=\"Contato - Kartmania\" \/>\n<meta property=\"og:description\" content=\"[vc_row css=&#8221;.vc_custom_1457506356430{padding-top: 25px !important;}&#8221;][vc_column width=&#8221;1\/2&#8243;][vc_column_text css=&#8221;.vc_custom_1550679603992{margin-bottom: 60px !important;}&#8221;] Atendimento por E-mail Prezado cliente, nessa op\u00e7\u00e3o voc\u00ea poder\u00e1 preencher o formul\u00e1rio de contato. Ao enviar o formul\u00e1rio, o sistema direciona as\" \/>\n<meta property=\"og:url\" content=\"https:\/\/kartmania.com.br\/?page_id=2513\" \/>\n<meta property=\"og:site_name\" content=\"Kartmania\" \/>\n<meta name=\"twitter:card\" content=\"summary_large_image\" \/>\n<meta name=\"twitter:label1\" content=\"Est. tempo de leitura\" \/>\n\t<meta name=\"twitter:data1\" content=\"1 minuto\" \/>\n<script type=\"application\/ld+json\" class=\"yoast-schema-graph\">{\"@context\":\"https:\/\/schema.org\",\"@graph\":[{\"@type\":\"WebPage\",\"@id\":\"https:\/\/kartmania.com.br\/?page_id=2513\",\"url\":\"https:\/\/kartmania.com.br\/?page_id=2513\",\"name\":\"Contato - Kartmania\",\"isPartOf\":{\"@id\":\"https:\/\/kartmania.com.br\/#website\"},\"datePublished\":\"2016-03-09T06:45:35+00:00\",\"dateModified\":\"2016-03-09T06:45:35+00:00\",\"breadcrumb\":{\"@id\":\"https:\/\/kartmania.com.br\/?page_id=2513#breadcrumb\"},\"inLanguage\":\"pt-BR\",\"potentialAction\":[{\"@type\":\"ReadAction\",\"target\":[\"https:\/\/kartmania.com.br\/?page_id=2513\"]}]},{\"@type\":\"BreadcrumbList\",\"@id\":\"https:\/\/kartmania.com.br\/?page_id=2513#breadcrumb\",\"itemListElement\":[{\"@type\":\"ListItem\",\"position\":1,\"name\":\"In\u00edcio\",\"item\":\"https:\/\/kartmania.com.br\/\"},{\"@type\":\"ListItem\",\"position\":2,\"name\":\"Contato\"}]},{\"@type\":\"WebSite\",\"@id\":\"https:\/\/kartmania.com.br\/#website\",\"url\":\"https:\/\/kartmania.com.br\/\",\"name\":\"Kartmania\",\"description\":\"Loja Virtual de Pe\u00e7as e Acess\u00f3rios para Kart\",\"potentialAction\":[{\"@type\":\"SearchAction\",\"target\":{\"@type\":\"EntryPoint\",\"urlTemplate\":\"https:\/\/kartmania.com.br\/?s={search_term_string}\"},\"query-input\":\"required name=search_term_string\"}],\"inLanguage\":\"pt-BR\"}]}<\/script>\n<!-- \/ Yoast SEO plugin. -->","yoast_head_json":{"title":"Contato - Kartmania","robots":{"index":"index","follow":"follow","max-snippet":"max-snippet:-1","max-image-preview":"max-image-preview:large","max-video-preview":"max-video-preview:-1"},"canonical":"https:\/\/kartmania.com.br\/?page_id=2513","og_locale":"pt_BR","og_type":"article","og_title":"Contato - Kartmania","og_description":"[vc_row css=&#8221;.vc_custom_1457506356430{padding-top: 25px !important;}&#8221;][vc_column width=&#8221;1\/2&#8243;][vc_column_text css=&#8221;.vc_custom_1550679603992{margin-bottom: 60px !important;}&#8221;] Atendimento por E-mail Prezado cliente, nessa op\u00e7\u00e3o voc\u00ea poder\u00e1 preencher o formul\u00e1rio de contato. Ao enviar o formul\u00e1rio, o sistema direciona as","og_url":"https:\/\/kartmania.com.br\/?page_id=2513","og_site_name":"Kartmania","twitter_card":"summary_large_image","twitter_misc":{"Est. tempo de leitura":"1 minuto"},"schema":{"@context":"https:\/\/schema.org","@graph":[{"@type":"WebPage","@id":"https:\/\/kartmania.com.br\/?page_id=2513","url":"https:\/\/kartmania.com.br\/?page_id=2513","name":"Contato - Kartmania","isPartOf":{"@id":"https:\/\/kartmania.com.br\/#website"},"datePublished":"2016-03-09T06:45:35+00:00","dateModified":"2016-03-09T06:45:35+00:00","breadcrumb":{"@id":"https:\/\/kartmania.com.br\/?page_id=2513#breadcrumb"},"inLanguage":"pt-BR","potentialAction":[{"@type":"ReadAction","target":["https:\/\/kartmania.com.br\/?page_id=2513"]}]},{"@type":"BreadcrumbList","@id":"https:\/\/kartmania.com.br\/?page_id=2513#breadcrumb","itemListElement":[{"@type":"ListItem","position":1,"name":"In\u00edcio","item":"https:\/\/kartmania.com.br\/"},{"@type":"ListItem","position":2,"name":"Contato"}]},{"@type":"WebSite","@id":"https:\/\/kartmania.com.br\/#website","url":"https:\/\/kartmania.com.br\/","name":"Kartmania","description":"Loja Virtual de Pe\u00e7as e Acess\u00f3rios para Kart","potentialAction":[{"@type":"SearchAction","target":{"@type":"EntryPoint","urlTemplate":"https:\/\/kartmania.com.br\/?s={search_term_string}"},"query-input":"required name=search_term_string"}],"inLanguage":"pt-BR"}]}},"_links":{"self":[{"href":"https:\/\/kartmania.com.br\/index.php?rest_route=\/wp\/v2\/pages\/2513"}],"collection":[{"href":"https:\/\/kartmania.com.br\/index.php?rest_route=\/wp\/v2\/pages"}],"about":[{"href":"https:\/\/kartmania.com.br\/index.php?rest_route=\/wp\/v2\/types\/page"}],"author":[{"embeddable":true,"href":"https:\/\/kartmania.com.br\/index.php?rest_route=\/wp\/v2\/users\/1"}],"replies":[{"embeddable":true,"href":"https:\/\/kartmania.com.br\/index.php?rest_route=%2Fwp%2Fv2%2Fcomments&post=2513"}],"version-history":[{"count":0,"href":"https:\/\/kartmania.com.br\/index.php?rest_route=\/wp\/v2\/pages\/2513\/revisions"}],"wp:attachment":[{"href":"https:\/\/kartmania.com.br\/index.php?rest_route=%2Fwp%2Fv2%2Fmedia&parent=2513"}],"curies":[{"name":"wp","href":"https:\/\/api.w.org\/{rel}","templated":true}]}}