{"id":2505,"date":"2016-03-09T05:58:27","date_gmt":"2016-03-09T08:58:27","guid":{"rendered":"https:\/\/demo2.chethemes.com\/electro\/?page_id=2505"},"modified":"2019-10-01T10:18:25","modified_gmt":"2019-10-01T13:18:25","slug":"duvidas-frequentes","status":"publish","type":"page","link":"https:\/\/kartmania.com.br\/?page_id=2505","title":{"rendered":"D\u00favidas Frequentes"},"content":{"rendered":"<p>[vc_row el_class=&#8221;inner-top-xs&#8221;][vc_column][vc_toggle title=&#8221;Quais m\u00e9todos de envio est\u00e3o dispon\u00edveis?&#8221; el_id=&#8221;1459864577831-bdb5bc1a-4a98&#8243;]In egestas, libero vitae scelerisque tristique, turpis augue faucibus dolor, at aliquet ligula massa at justo. Donec viverra tortor quis tortor pretium, in pretium risus finibus. Integer viverra pretium auctor. Aliquam eget convallis eros, varius sagittis nulla. Suspendisse potenti. Aenean consequat ex sit amet metus ultrices tristique. Nam ac nunc augue. Suspendisse finibus in dolor eget volutpat.[\/vc_toggle][vc_toggle title=&#8221;Quanto tempo levar\u00e1 para obter meu pacote?&#8221; el_id=&#8221;1459864633996-9b7e4f16-199e&#8221;]In egestas, libero vitae scelerisque tristique, turpis augue faucibus dolor, at aliquet ligula massa at justo. Donec viverra tortor quis tortor pretium, in pretium risus finibus. Integer viverra pretium auctor. Aliquam eget convallis eros, varius sagittis nulla. Suspendisse potenti. Aenean consequat ex sit amet metus ultrices tristique. Nam ac nunc augue. Suspendisse finibus in dolor eget volutpat.[\/vc_toggle][vc_toggle title=&#8221;Como fa\u00e7o para acompanhar meu pedido?&#8221; el_id=&#8221;1459864665894-b82f7067-8407&#8243;]In egestas, libero vitae scelerisque tristique, turpis augue faucibus dolor, at aliquet ligula massa at justo. Donec viverra tortor quis tortor pretium, in pretium risus finibus. Integer viverra pretium auctor. Aliquam eget convallis eros, varius sagittis nulla. Suspendisse potenti. Aenean consequat ex sit amet metus ultrices tristique. Nam ac nunc augue. Suspendisse finibus in dolor eget volutpat.[\/vc_toggle][vc_toggle title=&#8221;Como eu fa\u00e7o um pedido?&#8221; el_id=&#8221;1459864700197-4c554837-f084&#8243;]In egestas, libero vitae scelerisque tristique, turpis augue faucibus dolor, at aliquet ligula massa at justo. Donec viverra tortor quis tortor pretium, in pretium risus finibus. Integer viverra pretium auctor. Aliquam eget convallis eros, varius sagittis nulla. Suspendisse potenti. Aenean consequat ex sit amet metus ultrices tristique. Nam ac nunc augue. Suspendisse finibus in dolor eget volutpat.[\/vc_toggle][vc_toggle title=&#8221;Como devo entrar em contato se tiver alguma d\u00favida?&#8221; el_id=&#8221;1459864738156-c9e9af2d-48c9&#8243;]In egestas, libero vitae scelerisque tristique, turpis augue faucibus dolor, at aliquet ligula massa at justo. Donec viverra tortor quis tortor pretium, in pretium risus finibus. Integer viverra pretium auctor. Aliquam eget convallis eros, varius sagittis nulla. Suspendisse potenti. Aenean consequat ex sit amet metus ultrices tristique. Nam ac nunc augue. Suspendisse finibus in dolor eget volutpat.[\/vc_toggle][vc_toggle title=&#8221;Preciso de uma conta para fazer um pedido?&#8221; el_id=&#8221;1459864765251-4a22323b-b290&#8243;]In egestas, libero vitae scelerisque tristique, turpis augue faucibus dolor, at aliquet ligula massa at justo. Donec viverra tortor quis tortor pretium, in pretium risus finibus. Integer viverra pretium auctor. Aliquam eget convallis eros, varius sagittis nulla. Suspendisse potenti. Aenean consequat ex sit amet metus ultrices tristique. Nam ac nunc augue. Suspendisse finibus in dolor eget volutpat.[\/vc_toggle][\/vc_column][\/vc_row]<\/p>\n","protected":false},"excerpt":{"rendered":"<p>[vc_row el_class=&#8221;inner-top-xs&#8221;][vc_column][vc_toggle title=&#8221;Quais m\u00e9todos de envio est\u00e3o dispon\u00edveis?&#8221; el_id=&#8221;1459864577831-bdb5bc1a-4a98&#8243;]In egestas, libero vitae scelerisque tristique, turpis augue faucibus dolor, at aliquet ligula massa at justo. Donec viverra tortor quis tortor pretium,<\/p>\n","protected":false},"author":1,"featured_media":0,"parent":0,"menu_order":0,"comment_status":"closed","ping_status":"closed","template":"","meta":[],"yoast_head":"<!-- This site is optimized with the Yoast SEO plugin v21.1 - https:\/\/yoast.com\/wordpress\/plugins\/seo\/ -->\n<title>D\u00favidas Frequentes - Kartmania<\/title>\n<meta name=\"robots\" content=\"index, follow, max-snippet:-1, max-image-preview:large, max-video-preview:-1\" \/>\n<link rel=\"canonical\" href=\"https:\/\/kartmania.com.br\/?page_id=2505\" \/>\n<meta property=\"og:locale\" content=\"pt_BR\" \/>\n<meta property=\"og:type\" content=\"article\" \/>\n<meta property=\"og:title\" content=\"D\u00favidas Frequentes - Kartmania\" \/>\n<meta property=\"og:description\" content=\"[vc_row el_class=&#8221;inner-top-xs&#8221;][vc_column][vc_toggle title=&#8221;Quais m\u00e9todos de envio est\u00e3o dispon\u00edveis?&#8221; el_id=&#8221;1459864577831-bdb5bc1a-4a98&#8243;]In egestas, libero vitae scelerisque tristique, turpis augue faucibus dolor, at aliquet ligula massa at justo. Donec viverra tortor quis tortor pretium,\" \/>\n<meta property=\"og:url\" content=\"https:\/\/kartmania.com.br\/?page_id=2505\" \/>\n<meta property=\"og:site_name\" content=\"Kartmania\" \/>\n<meta property=\"article:modified_time\" content=\"2019-10-01T13:18:25+00:00\" \/>\n<meta name=\"twitter:card\" content=\"summary_large_image\" \/>\n<meta name=\"twitter:label1\" content=\"Est. tempo de leitura\" \/>\n\t<meta name=\"twitter:data1\" content=\"2 minutos\" \/>\n<script type=\"application\/ld+json\" class=\"yoast-schema-graph\">{\"@context\":\"https:\/\/schema.org\",\"@graph\":[{\"@type\":\"WebPage\",\"@id\":\"https:\/\/kartmania.com.br\/?page_id=2505\",\"url\":\"https:\/\/kartmania.com.br\/?page_id=2505\",\"name\":\"D\u00favidas Frequentes - Kartmania\",\"isPartOf\":{\"@id\":\"https:\/\/kartmania.com.br\/#website\"},\"datePublished\":\"2016-03-09T08:58:27+00:00\",\"dateModified\":\"2019-10-01T13:18:25+00:00\",\"breadcrumb\":{\"@id\":\"https:\/\/kartmania.com.br\/?page_id=2505#breadcrumb\"},\"inLanguage\":\"pt-BR\",\"potentialAction\":[{\"@type\":\"ReadAction\",\"target\":[\"https:\/\/kartmania.com.br\/?page_id=2505\"]}]},{\"@type\":\"BreadcrumbList\",\"@id\":\"https:\/\/kartmania.com.br\/?page_id=2505#breadcrumb\",\"itemListElement\":[{\"@type\":\"ListItem\",\"position\":1,\"name\":\"In\u00edcio\",\"item\":\"https:\/\/kartmania.com.br\/\"},{\"@type\":\"ListItem\",\"position\":2,\"name\":\"D\u00favidas Frequentes\"}]},{\"@type\":\"WebSite\",\"@id\":\"https:\/\/kartmania.com.br\/#website\",\"url\":\"https:\/\/kartmania.com.br\/\",\"name\":\"Kartmania\",\"description\":\"Loja Virtual de Pe\u00e7as e Acess\u00f3rios para Kart\",\"potentialAction\":[{\"@type\":\"SearchAction\",\"target\":{\"@type\":\"EntryPoint\",\"urlTemplate\":\"https:\/\/kartmania.com.br\/?s={search_term_string}\"},\"query-input\":\"required name=search_term_string\"}],\"inLanguage\":\"pt-BR\"}]}<\/script>\n<!-- \/ Yoast SEO plugin. -->","yoast_head_json":{"title":"D\u00favidas Frequentes - Kartmania","robots":{"index":"index","follow":"follow","max-snippet":"max-snippet:-1","max-image-preview":"max-image-preview:large","max-video-preview":"max-video-preview:-1"},"canonical":"https:\/\/kartmania.com.br\/?page_id=2505","og_locale":"pt_BR","og_type":"article","og_title":"D\u00favidas Frequentes - Kartmania","og_description":"[vc_row el_class=&#8221;inner-top-xs&#8221;][vc_column][vc_toggle title=&#8221;Quais m\u00e9todos de envio est\u00e3o dispon\u00edveis?&#8221; el_id=&#8221;1459864577831-bdb5bc1a-4a98&#8243;]In egestas, libero vitae scelerisque tristique, turpis augue faucibus dolor, at aliquet ligula massa at justo. Donec viverra tortor quis tortor pretium,","og_url":"https:\/\/kartmania.com.br\/?page_id=2505","og_site_name":"Kartmania","article_modified_time":"2019-10-01T13:18:25+00:00","twitter_card":"summary_large_image","twitter_misc":{"Est. tempo de leitura":"2 minutos"},"schema":{"@context":"https:\/\/schema.org","@graph":[{"@type":"WebPage","@id":"https:\/\/kartmania.com.br\/?page_id=2505","url":"https:\/\/kartmania.com.br\/?page_id=2505","name":"D\u00favidas Frequentes - Kartmania","isPartOf":{"@id":"https:\/\/kartmania.com.br\/#website"},"datePublished":"2016-03-09T08:58:27+00:00","dateModified":"2019-10-01T13:18:25+00:00","breadcrumb":{"@id":"https:\/\/kartmania.com.br\/?page_id=2505#breadcrumb"},"inLanguage":"pt-BR","potentialAction":[{"@type":"ReadAction","target":["https:\/\/kartmania.com.br\/?page_id=2505"]}]},{"@type":"BreadcrumbList","@id":"https:\/\/kartmania.com.br\/?page_id=2505#breadcrumb","itemListElement":[{"@type":"ListItem","position":1,"name":"In\u00edcio","item":"https:\/\/kartmania.com.br\/"},{"@type":"ListItem","position":2,"name":"D\u00favidas Frequentes"}]},{"@type":"WebSite","@id":"https:\/\/kartmania.com.br\/#website","url":"https:\/\/kartmania.com.br\/","name":"Kartmania","description":"Loja Virtual de Pe\u00e7as e Acess\u00f3rios para Kart","potentialAction":[{"@type":"SearchAction","target":{"@type":"EntryPoint","urlTemplate":"https:\/\/kartmania.com.br\/?s={search_term_string}"},"query-input":"required name=search_term_string"}],"inLanguage":"pt-BR"}]}},"_links":{"self":[{"href":"https:\/\/kartmania.com.br\/index.php?rest_route=\/wp\/v2\/pages\/2505"}],"collection":[{"href":"https:\/\/kartmania.com.br\/index.php?rest_route=\/wp\/v2\/pages"}],"about":[{"href":"https:\/\/kartmania.com.br\/index.php?rest_route=\/wp\/v2\/types\/page"}],"author":[{"embeddable":true,"href":"https:\/\/kartmania.com.br\/index.php?rest_route=\/wp\/v2\/users\/1"}],"replies":[{"embeddable":true,"href":"https:\/\/kartmania.com.br\/index.php?rest_route=%2Fwp%2Fv2%2Fcomments&post=2505"}],"version-history":[{"count":0,"href":"https:\/\/kartmania.com.br\/index.php?rest_route=\/wp\/v2\/pages\/2505\/revisions"}],"wp:attachment":[{"href":"https:\/\/kartmania.com.br\/index.php?rest_route=%2Fwp%2Fv2%2Fmedia&parent=2505"}],"curies":[{"name":"wp","href":"https:\/\/api.w.org\/{rel}","templated":true}]}}