{"id":2494,"date":"2016-03-09T05:41:44","date_gmt":"2016-03-09T05:41:44","guid":{"rendered":"https:\/\/demo2.chethemes.com\/electro\/?page_id=2494"},"modified":"2016-03-09T05:41:44","modified_gmt":"2016-03-09T05:41:44","slug":"sobre-nos","status":"publish","type":"page","link":"https:\/\/kartmania.com.br\/?page_id=2494","title":{"rendered":"Sobre n\u00f3s"},"content":{"rendered":"<p>[vc_row full_width=&#8221;stretch_row&#8221; css=&#8221;.vc_custom_1561001084204{margin-bottom: 35px !important;}&#8221;][vc_column][vc_column_text]Mauris rhoncus aliquet purus, a ornare nisi euismod in. Interdum et malesuada fames ac ante ipsum primis in faucibus. Etiam imperdiet eu metus vel ornare. Nullam in risus vel orci feugiat vestibulum. In sed aliquam mi. Nullam condimentum sollicitudin dui.<\/p>\n<p>Mauris rhoncus aliquet purus, a ornare nisi euismod in. Interdum et malesuada fames ac ante ipsum primis in faucibus. Etiam imperdiet eu metus vel ornare. Nullam in risus vel orci feugiat vestibulum. In sed aliquam mi. Nullam condimentum sollicitudin dui.[\/vc_column_text][\/vc_column][\/vc_row][vc_row full_width=&#8221;stretch_row&#8221; el_class=&#8221;light-bg team-member-wrapper&#8221; css=&#8221;.vc_custom_1457502528908{margin-bottom: 35px !important;}&#8221;][vc_column][vc_column_text]<\/p>\n<blockquote>\n<h3 style=\"text-align: center;\">A paix\u00e3o pode ser um interesse ou admira\u00e7\u00e3o amistosa ou ansiosa por uma proposta, por uma causa, por uma descoberta ou por uma atividade, ou por amar uma sensa\u00e7\u00e3o de excita\u00e7\u00e3o incomum.<\/h3>\n<\/blockquote>\n<p>[\/vc_column_text][\/vc_column][\/vc_row][vc_row el_class=&#8221;inner-sm&#8221;][vc_column el_class=&#8221;text-boxes&#8221;][vc_row_inner][vc_column_inner width=&#8221;1\/2&#8243;][vc_column_text]<\/p>\n<h3 class=\"highlight\">Expans\u00e3o do Mix de Produtos<\/h3>\n<p>Mauris rhoncus aliquet purus, a ornare nisi euismod in. Interdum et malesuada fames ac ante ipsum primis in faucibus. Etiam imperdiet eu metus vel ornare. Nullam in risus vel orci feugiat vestibulum. In sed aliquam mi. Nullam condimentum sollicitudin dui.[\/vc_column_text][\/vc_column_inner][vc_column_inner width=&#8221;1\/2&#8243;][vc_column_text]<\/p>\n<h3 class=\"highlight\">Empresa s\u00e9ria e respons\u00e1vel<\/h3>\n<p>Donec libero dolor, tincidunt id laoreet vitae, ullamcorper eu tortor. Maecenas pellentesque, dui vitae iaculis mattis, tortor nisi faucibus magna, vitae ultrices lacus purus vitae metus. Ut nec odio facilisis, ultricies nunc eget, fringilla orci.[\/vc_column_text][\/vc_column_inner][\/vc_row_inner][vc_row_inner el_class=&#8221;inner-bottom-xs&#8221;][vc_column_inner width=&#8221;1\/2&#8243;][vc_column_text]<\/p>\n<h3 class=\"highlight\">Credibilidade e experi\u00eancia<\/h3>\n<p>Donec libero dolor, tincidunt id laoreet vitae, ullamcorper eu tortor. Maecenas pellentesque, dui vitae iaculis mattis, tortor nisi faucibus magna, vitae ultrices lacus purus vitae metus. Ut nec odio facilisis, ultricies nunc eget, fringilla orci.[\/vc_column_text][\/vc_column_inner][vc_column_inner width=&#8221;1\/2&#8243;][vc_column_text]<\/p>\n<h3 class=\"highlight\">Cliente em primeiro lugar<\/h3>\n<p>Vestibulum velit nibh, egestas vel faucibus vitae, feugiat sollicitudin urna. Praesent iaculis id ipsum sit amet pretium. Aliquam tristique sapien nec enim euismod, scelerisque facilisis arcu consectetur. Vestibulum velit nibh, egestas vel faucibus vitae.[\/vc_column_text][\/vc_column_inner][\/vc_row_inner][\/vc_column][\/vc_row]<\/p>\n","protected":false},"excerpt":{"rendered":"<p>[vc_row full_width=&#8221;stretch_row&#8221; css=&#8221;.vc_custom_1561001084204{margin-bottom: 35px !important;}&#8221;][vc_column][vc_column_text]Mauris rhoncus aliquet purus, a ornare nisi euismod in. Interdum et malesuada fames ac ante ipsum primis in faucibus. Etiam imperdiet eu metus vel ornare. Nullam<\/p>\n","protected":false},"author":1,"featured_media":0,"parent":0,"menu_order":0,"comment_status":"closed","ping_status":"closed","template":"","meta":[],"yoast_head":"<!-- This site is optimized with the Yoast SEO plugin v21.1 - https:\/\/yoast.com\/wordpress\/plugins\/seo\/ -->\n<title>Sobre n\u00f3s - Kartmania<\/title>\n<meta name=\"robots\" content=\"index, follow, max-snippet:-1, max-image-preview:large, max-video-preview:-1\" \/>\n<link rel=\"canonical\" href=\"https:\/\/kartmania.com.br\/?page_id=2494\" \/>\n<meta property=\"og:locale\" content=\"pt_BR\" \/>\n<meta property=\"og:type\" content=\"article\" \/>\n<meta property=\"og:title\" content=\"Sobre n\u00f3s - Kartmania\" \/>\n<meta property=\"og:description\" content=\"[vc_row full_width=&#8221;stretch_row&#8221; css=&#8221;.vc_custom_1561001084204{margin-bottom: 35px !important;}&#8221;][vc_column][vc_column_text]Mauris rhoncus aliquet purus, a ornare nisi euismod in. Interdum et malesuada fames ac ante ipsum primis in faucibus. Etiam imperdiet eu metus vel ornare. Nullam\" \/>\n<meta property=\"og:url\" content=\"https:\/\/kartmania.com.br\/?page_id=2494\" \/>\n<meta property=\"og:site_name\" content=\"Kartmania\" \/>\n<meta name=\"twitter:card\" content=\"summary_large_image\" \/>\n<meta name=\"twitter:label1\" content=\"Est. tempo de leitura\" \/>\n\t<meta name=\"twitter:data1\" content=\"2 minutos\" \/>\n<script type=\"application\/ld+json\" class=\"yoast-schema-graph\">{\"@context\":\"https:\/\/schema.org\",\"@graph\":[{\"@type\":\"WebPage\",\"@id\":\"https:\/\/kartmania.com.br\/?page_id=2494\",\"url\":\"https:\/\/kartmania.com.br\/?page_id=2494\",\"name\":\"Sobre n\u00f3s - Kartmania\",\"isPartOf\":{\"@id\":\"https:\/\/kartmania.com.br\/#website\"},\"datePublished\":\"2016-03-09T05:41:44+00:00\",\"dateModified\":\"2016-03-09T05:41:44+00:00\",\"breadcrumb\":{\"@id\":\"https:\/\/kartmania.com.br\/?page_id=2494#breadcrumb\"},\"inLanguage\":\"pt-BR\",\"potentialAction\":[{\"@type\":\"ReadAction\",\"target\":[\"https:\/\/kartmania.com.br\/?page_id=2494\"]}]},{\"@type\":\"BreadcrumbList\",\"@id\":\"https:\/\/kartmania.com.br\/?page_id=2494#breadcrumb\",\"itemListElement\":[{\"@type\":\"ListItem\",\"position\":1,\"name\":\"In\u00edcio\",\"item\":\"https:\/\/kartmania.com.br\/\"},{\"@type\":\"ListItem\",\"position\":2,\"name\":\"Sobre n\u00f3s\"}]},{\"@type\":\"WebSite\",\"@id\":\"https:\/\/kartmania.com.br\/#website\",\"url\":\"https:\/\/kartmania.com.br\/\",\"name\":\"Kartmania\",\"description\":\"Loja Virtual de Pe\u00e7as e Acess\u00f3rios para Kart\",\"potentialAction\":[{\"@type\":\"SearchAction\",\"target\":{\"@type\":\"EntryPoint\",\"urlTemplate\":\"https:\/\/kartmania.com.br\/?s={search_term_string}\"},\"query-input\":\"required name=search_term_string\"}],\"inLanguage\":\"pt-BR\"}]}<\/script>\n<!-- \/ Yoast SEO plugin. -->","yoast_head_json":{"title":"Sobre n\u00f3s - Kartmania","robots":{"index":"index","follow":"follow","max-snippet":"max-snippet:-1","max-image-preview":"max-image-preview:large","max-video-preview":"max-video-preview:-1"},"canonical":"https:\/\/kartmania.com.br\/?page_id=2494","og_locale":"pt_BR","og_type":"article","og_title":"Sobre n\u00f3s - Kartmania","og_description":"[vc_row full_width=&#8221;stretch_row&#8221; css=&#8221;.vc_custom_1561001084204{margin-bottom: 35px !important;}&#8221;][vc_column][vc_column_text]Mauris rhoncus aliquet purus, a ornare nisi euismod in. Interdum et malesuada fames ac ante ipsum primis in faucibus. Etiam imperdiet eu metus vel ornare. Nullam","og_url":"https:\/\/kartmania.com.br\/?page_id=2494","og_site_name":"Kartmania","twitter_card":"summary_large_image","twitter_misc":{"Est. tempo de leitura":"2 minutos"},"schema":{"@context":"https:\/\/schema.org","@graph":[{"@type":"WebPage","@id":"https:\/\/kartmania.com.br\/?page_id=2494","url":"https:\/\/kartmania.com.br\/?page_id=2494","name":"Sobre n\u00f3s - Kartmania","isPartOf":{"@id":"https:\/\/kartmania.com.br\/#website"},"datePublished":"2016-03-09T05:41:44+00:00","dateModified":"2016-03-09T05:41:44+00:00","breadcrumb":{"@id":"https:\/\/kartmania.com.br\/?page_id=2494#breadcrumb"},"inLanguage":"pt-BR","potentialAction":[{"@type":"ReadAction","target":["https:\/\/kartmania.com.br\/?page_id=2494"]}]},{"@type":"BreadcrumbList","@id":"https:\/\/kartmania.com.br\/?page_id=2494#breadcrumb","itemListElement":[{"@type":"ListItem","position":1,"name":"In\u00edcio","item":"https:\/\/kartmania.com.br\/"},{"@type":"ListItem","position":2,"name":"Sobre n\u00f3s"}]},{"@type":"WebSite","@id":"https:\/\/kartmania.com.br\/#website","url":"https:\/\/kartmania.com.br\/","name":"Kartmania","description":"Loja Virtual de Pe\u00e7as e Acess\u00f3rios para Kart","potentialAction":[{"@type":"SearchAction","target":{"@type":"EntryPoint","urlTemplate":"https:\/\/kartmania.com.br\/?s={search_term_string}"},"query-input":"required name=search_term_string"}],"inLanguage":"pt-BR"}]}},"_links":{"self":[{"href":"https:\/\/kartmania.com.br\/index.php?rest_route=\/wp\/v2\/pages\/2494"}],"collection":[{"href":"https:\/\/kartmania.com.br\/index.php?rest_route=\/wp\/v2\/pages"}],"about":[{"href":"https:\/\/kartmania.com.br\/index.php?rest_route=\/wp\/v2\/types\/page"}],"author":[{"embeddable":true,"href":"https:\/\/kartmania.com.br\/index.php?rest_route=\/wp\/v2\/users\/1"}],"replies":[{"embeddable":true,"href":"https:\/\/kartmania.com.br\/index.php?rest_route=%2Fwp%2Fv2%2Fcomments&post=2494"}],"version-history":[{"count":0,"href":"https:\/\/kartmania.com.br\/index.php?rest_route=\/wp\/v2\/pages\/2494\/revisions"}],"wp:attachment":[{"href":"https:\/\/kartmania.com.br\/index.php?rest_route=%2Fwp%2Fv2%2Fmedia&parent=2494"}],"curies":[{"name":"wp","href":"https:\/\/api.w.org\/{rel}","templated":true}]}}