{"id":2183,"date":"2016-02-28T08:28:22","date_gmt":"2016-02-28T08:28:22","guid":{"rendered":"https:\/\/demo2.chethemes.com\/electro\/?page_id=2183"},"modified":"2016-02-28T08:28:22","modified_gmt":"2016-02-28T08:28:22","slug":"termos-e-condicoes","status":"publish","type":"page","link":"https:\/\/kartmania.com.br\/?page_id=2183","title":{"rendered":"Termos e Condi\u00e7\u00f5es"},"content":{"rendered":"<section class=\"section inner-bottom-xs\">\n<h2>Propriedade intelectual<\/h2>\n<ol>\n<li>Lorem ipsum dolor sit amet, consectetur adipiscing elit. Etiam quis diam erat. Duis velit lectus, posuere a blandit sit amet, tempor at lorem. Donec ultricies, lorem sed ultrices interdum.<\/li>\n<li>Leo metus luctus sem, vel vulputate diam ipsum sed lorem. Donec tempor arcu nisl, et molestie massa scelerisque ut. Nunc at rutrum leo. Mauris metus mauris, tristique quis sapien eu, rutrum vulputate enim.<\/li>\n<li>Mauris tempus erat laoreet turpis lobortis, eu tincidunt erat fermentum.<\/li>\n<li>Aliquam non tincidunt urna. Integer tincidunt nec nisl vitae ullamcorper. Proin sed ultrices erat. Praesent varius ultrices massa at faucibus.<\/li>\n<li>Aenean dignissim, orci sed faucibus pharetra, dui mi dignissim tortor, sit amet condimentum mi ligula sit amet augue.<\/li>\n<li>Pellentesque vitae eros eget enim mollis placerat.<\/li>\n<\/ol>\n<\/section>\n<section class=\"section inner-bottom-xs\">\n<h2>Termina\u00e7\u00e3o<\/h2>\n<ol>\n<li>Lorem ipsum dolor sit amet, consectetur adipiscing elit. Etiam quis diam erat. Duis velit lectus, posuere a blandit sit amet, tempor at lorem. Donec ultricies, lorem sed ultrices interdum.<\/li>\n<li>Leo metus luctus sem, vel vulputate diam ipsum sed lorem. Donec tempor arcu nisl, et molestie massa scelerisque ut. Nunc at rutrum leo. Mauris metus mauris, tristique quis sapien eu, rutrum vulputate enim.<\/li>\n<li>Mauris tempus erat laoreet turpis lobortis, eu tincidunt erat fermentum.<\/li>\n<li>Aliquam non tincidunt urna. Integer tincidunt nec nisl vitae ullamcorper. Proin sed ultrices erat. Praesent varius ultrices massa at faucibus.<\/li>\n<li>Aenean dignissim, orci sed faucibus pharetra, dui mi dignissim tortor, sit amet condimentum mi ligula sit amet augue.<\/li>\n<li>Pellentesque vitae eros eget enim mollis placerat.<\/li>\n<\/ol>\n<\/section>\n<section class=\"section inner-bottom-xs\">\n<h2>Altera\u00e7\u00f5es a este acordo<\/h2>\n<p>Reservamo-nos o direito, a nosso exclusivo crit\u00e9rio, de modificar ou substituir estes Termos e Condi\u00e7\u00f5es, publicando os termos atualizados no Site. Seu uso continuado do Site ap\u00f3s tais altera\u00e7\u00f5es constitui sua aceita\u00e7\u00e3o dos novos Termos e Condi\u00e7\u00f5es.<\/p>\n<\/section>\n<section class=\"section intellectual-property\">\n<h2>Contate-Nos<\/h2>\n<p>Se voc\u00ea tiver alguma d\u00favida sobre este Contrato, entre em contato conosco preenchendo este <a href=\"\/contato\">formul\u00e1rio de contato<\/a><\/p>\n<\/section>\n","protected":false},"excerpt":{"rendered":"<p>Propriedade intelectual Lorem ipsum dolor sit amet, consectetur adipiscing elit. Etiam quis diam erat. Duis velit lectus, posuere a blandit sit amet, tempor at lorem. Donec ultricies, lorem sed ultrices<\/p>\n","protected":false},"author":1,"featured_media":0,"parent":0,"menu_order":0,"comment_status":"closed","ping_status":"closed","template":"","meta":[],"yoast_head":"<!-- This site is optimized with the Yoast SEO plugin v21.1 - https:\/\/yoast.com\/wordpress\/plugins\/seo\/ -->\n<title>Termos e Condi\u00e7\u00f5es - Kartmania<\/title>\n<meta name=\"robots\" content=\"index, follow, max-snippet:-1, max-image-preview:large, max-video-preview:-1\" \/>\n<link rel=\"canonical\" href=\"https:\/\/kartmania.com.br\/?page_id=2183\" \/>\n<meta property=\"og:locale\" content=\"pt_BR\" \/>\n<meta property=\"og:type\" content=\"article\" \/>\n<meta property=\"og:title\" content=\"Termos e Condi\u00e7\u00f5es - Kartmania\" \/>\n<meta property=\"og:description\" content=\"Propriedade intelectual Lorem ipsum dolor sit amet, consectetur adipiscing elit. Etiam quis diam erat. Duis velit lectus, posuere a blandit sit amet, tempor at lorem. Donec ultricies, lorem sed ultrices\" \/>\n<meta property=\"og:url\" content=\"https:\/\/kartmania.com.br\/?page_id=2183\" \/>\n<meta property=\"og:site_name\" content=\"Kartmania\" \/>\n<meta name=\"twitter:card\" content=\"summary_large_image\" \/>\n<meta name=\"twitter:label1\" content=\"Est. tempo de leitura\" \/>\n\t<meta name=\"twitter:data1\" content=\"2 minutos\" \/>\n<script type=\"application\/ld+json\" class=\"yoast-schema-graph\">{\"@context\":\"https:\/\/schema.org\",\"@graph\":[{\"@type\":\"WebPage\",\"@id\":\"https:\/\/kartmania.com.br\/?page_id=2183\",\"url\":\"https:\/\/kartmania.com.br\/?page_id=2183\",\"name\":\"Termos e Condi\u00e7\u00f5es - Kartmania\",\"isPartOf\":{\"@id\":\"https:\/\/kartmania.com.br\/#website\"},\"datePublished\":\"2016-02-28T08:28:22+00:00\",\"dateModified\":\"2016-02-28T08:28:22+00:00\",\"breadcrumb\":{\"@id\":\"https:\/\/kartmania.com.br\/?page_id=2183#breadcrumb\"},\"inLanguage\":\"pt-BR\",\"potentialAction\":[{\"@type\":\"ReadAction\",\"target\":[\"https:\/\/kartmania.com.br\/?page_id=2183\"]}]},{\"@type\":\"BreadcrumbList\",\"@id\":\"https:\/\/kartmania.com.br\/?page_id=2183#breadcrumb\",\"itemListElement\":[{\"@type\":\"ListItem\",\"position\":1,\"name\":\"In\u00edcio\",\"item\":\"https:\/\/kartmania.com.br\/\"},{\"@type\":\"ListItem\",\"position\":2,\"name\":\"Termos e Condi\u00e7\u00f5es\"}]},{\"@type\":\"WebSite\",\"@id\":\"https:\/\/kartmania.com.br\/#website\",\"url\":\"https:\/\/kartmania.com.br\/\",\"name\":\"Kartmania\",\"description\":\"Loja Virtual de Pe\u00e7as e Acess\u00f3rios para Kart\",\"potentialAction\":[{\"@type\":\"SearchAction\",\"target\":{\"@type\":\"EntryPoint\",\"urlTemplate\":\"https:\/\/kartmania.com.br\/?s={search_term_string}\"},\"query-input\":\"required name=search_term_string\"}],\"inLanguage\":\"pt-BR\"}]}<\/script>\n<!-- \/ Yoast SEO plugin. -->","yoast_head_json":{"title":"Termos e Condi\u00e7\u00f5es - Kartmania","robots":{"index":"index","follow":"follow","max-snippet":"max-snippet:-1","max-image-preview":"max-image-preview:large","max-video-preview":"max-video-preview:-1"},"canonical":"https:\/\/kartmania.com.br\/?page_id=2183","og_locale":"pt_BR","og_type":"article","og_title":"Termos e Condi\u00e7\u00f5es - Kartmania","og_description":"Propriedade intelectual Lorem ipsum dolor sit amet, consectetur adipiscing elit. Etiam quis diam erat. Duis velit lectus, posuere a blandit sit amet, tempor at lorem. Donec ultricies, lorem sed ultrices","og_url":"https:\/\/kartmania.com.br\/?page_id=2183","og_site_name":"Kartmania","twitter_card":"summary_large_image","twitter_misc":{"Est. tempo de leitura":"2 minutos"},"schema":{"@context":"https:\/\/schema.org","@graph":[{"@type":"WebPage","@id":"https:\/\/kartmania.com.br\/?page_id=2183","url":"https:\/\/kartmania.com.br\/?page_id=2183","name":"Termos e Condi\u00e7\u00f5es - Kartmania","isPartOf":{"@id":"https:\/\/kartmania.com.br\/#website"},"datePublished":"2016-02-28T08:28:22+00:00","dateModified":"2016-02-28T08:28:22+00:00","breadcrumb":{"@id":"https:\/\/kartmania.com.br\/?page_id=2183#breadcrumb"},"inLanguage":"pt-BR","potentialAction":[{"@type":"ReadAction","target":["https:\/\/kartmania.com.br\/?page_id=2183"]}]},{"@type":"BreadcrumbList","@id":"https:\/\/kartmania.com.br\/?page_id=2183#breadcrumb","itemListElement":[{"@type":"ListItem","position":1,"name":"In\u00edcio","item":"https:\/\/kartmania.com.br\/"},{"@type":"ListItem","position":2,"name":"Termos e Condi\u00e7\u00f5es"}]},{"@type":"WebSite","@id":"https:\/\/kartmania.com.br\/#website","url":"https:\/\/kartmania.com.br\/","name":"Kartmania","description":"Loja Virtual de Pe\u00e7as e Acess\u00f3rios para Kart","potentialAction":[{"@type":"SearchAction","target":{"@type":"EntryPoint","urlTemplate":"https:\/\/kartmania.com.br\/?s={search_term_string}"},"query-input":"required name=search_term_string"}],"inLanguage":"pt-BR"}]}},"_links":{"self":[{"href":"https:\/\/kartmania.com.br\/index.php?rest_route=\/wp\/v2\/pages\/2183"}],"collection":[{"href":"https:\/\/kartmania.com.br\/index.php?rest_route=\/wp\/v2\/pages"}],"about":[{"href":"https:\/\/kartmania.com.br\/index.php?rest_route=\/wp\/v2\/types\/page"}],"author":[{"embeddable":true,"href":"https:\/\/kartmania.com.br\/index.php?rest_route=\/wp\/v2\/users\/1"}],"replies":[{"embeddable":true,"href":"https:\/\/kartmania.com.br\/index.php?rest_route=%2Fwp%2Fv2%2Fcomments&post=2183"}],"version-history":[{"count":0,"href":"https:\/\/kartmania.com.br\/index.php?rest_route=\/wp\/v2\/pages\/2183\/revisions"}],"wp:attachment":[{"href":"https:\/\/kartmania.com.br\/index.php?rest_route=%2Fwp%2Fv2%2Fmedia&parent=2183"}],"curies":[{"name":"wp","href":"https:\/\/api.w.org\/{rel}","templated":true}]}}