{"id":2181,"date":"2016-02-28T08:21:03","date_gmt":"2016-02-28T08:21:03","guid":{"rendered":"https:\/\/demo2.chethemes.com\/electro\/?page_id=2181"},"modified":"2016-02-28T08:21:03","modified_gmt":"2016-02-28T08:21:03","slug":"acompanhe-seu-pedido","status":"publish","type":"page","link":"https:\/\/kartmania.com.br\/?page_id=2181","title":{"rendered":"Acompanhe seu Pedido"},"content":{"rendered":"<div class=\"woocommerce\">\n<form action=\"https:\/\/kartmania.com.br\/?page_id=2181\" method=\"post\" class=\"woocommerce-form woocommerce-form-track-order track_order\">\n\n\t<p>Para acompanhar o seu pedido, digite o ID do pedido na caixa abaixo e pressione o bot\u00e3o &quot;Rastrear&quot;. O ID do pedido foi informado em sua fatura e est\u00e1 no e-mail de confirma\u00e7\u00e3o que voc\u00ea deve ter recebido.<\/p>\n\n\t<p class=\"form-row form-row-first\"><label for=\"orderid\">ID do pedido<\/label> <input class=\"input-text\" type=\"text\" name=\"orderid\" id=\"orderid\" value=\"\" placeholder=\"Encontrado no seu e-mail de confirma\u00e7\u00e3o do pedido.\" \/><\/p>\t<p class=\"form-row form-row-last\"><label for=\"order_email\">E-mail de faturamento<\/label> <input class=\"input-text\" type=\"text\" name=\"order_email\" id=\"order_email\" value=\"\" placeholder=\"E-mail utilizado durante a finaliza\u00e7\u00e3o do pedido.\" \/><\/p>\t<div class=\"clear\"><\/div>\n\n\t<p class=\"form-row\"><button type=\"submit\" class=\"button\" name=\"track\" value=\"Rastrear\">Rastrear<\/button><\/p>\n\t<input type=\"hidden\" id=\"woocommerce-order-tracking-nonce\" name=\"woocommerce-order-tracking-nonce\" value=\"b82985d5e8\" \/><input type=\"hidden\" name=\"_wp_http_referer\" value=\"\/index.php?rest_route=%2Fwp%2Fv2%2Fpages%2F2181\" \/>\n<\/form>\n<\/div>\n","protected":false},"excerpt":{"rendered":"Para acompanhar o seu pedido, digite o ID do pedido na caixa abaixo e pressione o bot\u00e3o &quot;Rastrear&quot;. O ID do pedido foi informado em sua fatura e est\u00e1 no","protected":false},"author":1,"featured_media":0,"parent":0,"menu_order":0,"comment_status":"closed","ping_status":"closed","template":"template-page-centered-fullwidth.php","meta":[],"yoast_head":"<!-- This site is optimized with the Yoast SEO plugin v21.1 - https:\/\/yoast.com\/wordpress\/plugins\/seo\/ -->\n<title>Acompanhe seu Pedido - Kartmania<\/title>\n<meta name=\"robots\" content=\"index, follow, max-snippet:-1, max-image-preview:large, max-video-preview:-1\" \/>\n<link rel=\"canonical\" href=\"https:\/\/kartmania.com.br\/?page_id=2181\" \/>\n<meta property=\"og:locale\" content=\"pt_BR\" \/>\n<meta property=\"og:type\" content=\"article\" \/>\n<meta property=\"og:title\" content=\"Acompanhe seu Pedido - Kartmania\" \/>\n<meta property=\"og:url\" content=\"https:\/\/kartmania.com.br\/?page_id=2181\" \/>\n<meta property=\"og:site_name\" content=\"Kartmania\" \/>\n<meta name=\"twitter:card\" content=\"summary_large_image\" \/>\n<script type=\"application\/ld+json\" class=\"yoast-schema-graph\">{\"@context\":\"https:\/\/schema.org\",\"@graph\":[{\"@type\":\"WebPage\",\"@id\":\"https:\/\/kartmania.com.br\/?page_id=2181\",\"url\":\"https:\/\/kartmania.com.br\/?page_id=2181\",\"name\":\"Acompanhe seu Pedido - Kartmania\",\"isPartOf\":{\"@id\":\"https:\/\/kartmania.com.br\/#website\"},\"datePublished\":\"2016-02-28T08:21:03+00:00\",\"dateModified\":\"2016-02-28T08:21:03+00:00\",\"breadcrumb\":{\"@id\":\"https:\/\/kartmania.com.br\/?page_id=2181#breadcrumb\"},\"inLanguage\":\"pt-BR\",\"potentialAction\":[{\"@type\":\"ReadAction\",\"target\":[\"https:\/\/kartmania.com.br\/?page_id=2181\"]}]},{\"@type\":\"BreadcrumbList\",\"@id\":\"https:\/\/kartmania.com.br\/?page_id=2181#breadcrumb\",\"itemListElement\":[{\"@type\":\"ListItem\",\"position\":1,\"name\":\"In\u00edcio\",\"item\":\"https:\/\/kartmania.com.br\/\"},{\"@type\":\"ListItem\",\"position\":2,\"name\":\"Acompanhe seu Pedido\"}]},{\"@type\":\"WebSite\",\"@id\":\"https:\/\/kartmania.com.br\/#website\",\"url\":\"https:\/\/kartmania.com.br\/\",\"name\":\"Kartmania\",\"description\":\"Loja Virtual de Pe\u00e7as e Acess\u00f3rios para Kart\",\"potentialAction\":[{\"@type\":\"SearchAction\",\"target\":{\"@type\":\"EntryPoint\",\"urlTemplate\":\"https:\/\/kartmania.com.br\/?s={search_term_string}\"},\"query-input\":\"required name=search_term_string\"}],\"inLanguage\":\"pt-BR\"}]}<\/script>\n<!-- \/ Yoast SEO plugin. -->","yoast_head_json":{"title":"Acompanhe seu Pedido - Kartmania","robots":{"index":"index","follow":"follow","max-snippet":"max-snippet:-1","max-image-preview":"max-image-preview:large","max-video-preview":"max-video-preview:-1"},"canonical":"https:\/\/kartmania.com.br\/?page_id=2181","og_locale":"pt_BR","og_type":"article","og_title":"Acompanhe seu Pedido - Kartmania","og_url":"https:\/\/kartmania.com.br\/?page_id=2181","og_site_name":"Kartmania","twitter_card":"summary_large_image","schema":{"@context":"https:\/\/schema.org","@graph":[{"@type":"WebPage","@id":"https:\/\/kartmania.com.br\/?page_id=2181","url":"https:\/\/kartmania.com.br\/?page_id=2181","name":"Acompanhe seu Pedido - Kartmania","isPartOf":{"@id":"https:\/\/kartmania.com.br\/#website"},"datePublished":"2016-02-28T08:21:03+00:00","dateModified":"2016-02-28T08:21:03+00:00","breadcrumb":{"@id":"https:\/\/kartmania.com.br\/?page_id=2181#breadcrumb"},"inLanguage":"pt-BR","potentialAction":[{"@type":"ReadAction","target":["https:\/\/kartmania.com.br\/?page_id=2181"]}]},{"@type":"BreadcrumbList","@id":"https:\/\/kartmania.com.br\/?page_id=2181#breadcrumb","itemListElement":[{"@type":"ListItem","position":1,"name":"In\u00edcio","item":"https:\/\/kartmania.com.br\/"},{"@type":"ListItem","position":2,"name":"Acompanhe seu Pedido"}]},{"@type":"WebSite","@id":"https:\/\/kartmania.com.br\/#website","url":"https:\/\/kartmania.com.br\/","name":"Kartmania","description":"Loja Virtual de Pe\u00e7as e Acess\u00f3rios para Kart","potentialAction":[{"@type":"SearchAction","target":{"@type":"EntryPoint","urlTemplate":"https:\/\/kartmania.com.br\/?s={search_term_string}"},"query-input":"required name=search_term_string"}],"inLanguage":"pt-BR"}]}},"_links":{"self":[{"href":"https:\/\/kartmania.com.br\/index.php?rest_route=\/wp\/v2\/pages\/2181"}],"collection":[{"href":"https:\/\/kartmania.com.br\/index.php?rest_route=\/wp\/v2\/pages"}],"about":[{"href":"https:\/\/kartmania.com.br\/index.php?rest_route=\/wp\/v2\/types\/page"}],"author":[{"embeddable":true,"href":"https:\/\/kartmania.com.br\/index.php?rest_route=\/wp\/v2\/users\/1"}],"replies":[{"embeddable":true,"href":"https:\/\/kartmania.com.br\/index.php?rest_route=%2Fwp%2Fv2%2Fcomments&post=2181"}],"version-history":[{"count":0,"href":"https:\/\/kartmania.com.br\/index.php?rest_route=\/wp\/v2\/pages\/2181\/revisions"}],"wp:attachment":[{"href":"https:\/\/kartmania.com.br\/index.php?rest_route=%2Fwp%2Fv2%2Fmedia&parent=2181"}],"curies":[{"name":"wp","href":"https:\/\/api.w.org\/{rel}","templated":true}]}}